{"id":2,"date":"2010-07-06T14:59:36","date_gmt":"2010-07-06T13:59:36","guid":{"rendered":"http:\/\/aomoi.net\/blogg\/?page_id=2"},"modified":"2026-03-18T07:16:49","modified_gmt":"2026-03-18T06:16:49","slug":"om-meg","status":"publish","type":"page","link":"https:\/\/aomoi.net\/blogg\/om-meg\/","title":{"rendered":"Om meg"},"content":{"rendered":"<p><img loading=\"lazy\" decoding=\"async\" class=\"alignright size-full wp-image-29\" title=\"odvpast3\" src=\"http:\/\/aomoi.net\/blogg\/bilder\/odvpast3.jpg\" alt=\"p. Oddvar Moi\" width=\"183\" height=\"242\" \/><br \/>\nP. Oddvar Moi, kapellan\/seniorprest i St Olav menighet i Oslo i 50% stilling fra september 2025.<\/p>\n<p>Jeg er f\u00f8dt i Time kommune p\u00e5 J\u00e6ren 18. desember 1955 og oppvokst i Den norske (lutherske) kirke. Jeg er cand. theol. fra <a href=\"http:\/\/www.menfak.no\/\"><b>Menighetsfakultetet<\/b><\/a> i 1982 og var prest i feltprestkorpset og i Den Evangelisk Lutherske Frikirke i til sammen \u00e5tte \u00e5r. Jeg er gift med Arlyne Joy Lander Moi, fra Portland, Oregon, USA.<\/p>\n<p>I 1994 konverterte jeg til den katolske kirke mens jeg bodde i Arendal. Tidlig i 1995 flyttet vi til Bergen og jeg jobbet p\u00e5 <a href=\"http:\/\/www.stpaul.no\"><b>St. Paul skole<\/b><\/a> og <b><a href=\"http:\/\/bergen.katolsk.no\">St. Paul menighet<\/a><\/b> i til sammen 11 \u00e5r, de f\u00f8rste \u00e5rene mens jeg forberedte meg til \u00e5 bli katolsk prest. Skole\u00e5ret 1997-98 studerte jeg bl.a. ved Allen Hall presteseminar i London.<\/p>\n<p>Jeg ble diakonviet 8. september 1999 p\u00e5 Mariaholm Skolesenter, i Askim, \u00d8stfold.<\/p>\n<p>Presteviet ble jeg 8. januar 2000 i St. Paul kirke, Bergen &#8211; <b><a href=\"http:\/\/aomoi.net\/bild\/bilprevi.htm\">se bilder<\/a><\/b>.<\/p>\n<p>8. januar ble jeg utnevnt til kapellan i St. Paul menighet, med oppgaver i menigheten og p\u00e5 St. Paul skole.<\/p>\n<p>V\u00e5ren 2006 var jeg p\u00e5 et studieopphold Roma; \u00f8kumeniske studier ved det pavelige universitetet Angelicum. I august 2006 ble jeg kapellan i St. Svithun menighet i Stavanger, og fra august 2009 til august 2016 var jeg i St Hallvard menighet i Oslo.<\/p>\n<p>Fra juni 2016 til juni 2025 var jeg katolsk sykehusprest i Oslo-omr\u00e5det, og fra juni 2016 til juni 2020 var jeg ogs\u00e5 sekret\u00e6r for Den katolske kirkes Liturgikommisjon. Fra juni 2020 til desember 2025 var jeg stiftskapellan i Oslo katolske bisped\u00f8mme, og fra november 2020 til juli 2025 var jeg biskoppelig vikar for det kateketiske arbeidet i bisped\u00f8mmet og leder av Kateketisk senter i Oslo.<\/p>\n<p>Se min <a href=\"https:\/\/www.katolsk.no\/biografier\/innenriks\/omoi\">biografi p\u00e5 katolsk.no<\/a>.<\/p>\n<p>Min e-postadresse: <a href=\"mailto:oddvar.moi@katolsk.no\">oddvar.moi@katolsk.no<\/a><br \/>\nMin mobiltelefon: 95883336<\/p>\n","protected":false},"excerpt":{"rendered":"<p>P. Oddvar Moi, kapellan\/seniorprest i St Olav menighet i Oslo i 50% stilling fra september 2025. Jeg er f\u00f8dt i Time kommune p\u00e5 J\u00e6ren 18. desember 1955 og oppvokst i Den norske (lutherske) kirke. Jeg er cand. theol. fra Menighetsfakultetet i 1982 og var prest i feltprestkorpset og i Den Evangelisk Lutherske Frikirke i til [&hellip;]<\/p>\n","protected":false},"author":1,"featured_media":0,"parent":0,"menu_order":0,"comment_status":"closed","ping_status":"closed","template":"","meta":{"site-sidebar-layout":"default","site-content-layout":"","ast-site-content-layout":"default","site-content-style":"default","site-sidebar-style":"default","ast-global-header-display":"","ast-banner-title-visibility":"","ast-main-header-display":"","ast-hfb-above-header-display":"","ast-hfb-below-header-display":"","ast-hfb-mobile-header-display":"","site-post-title":"","ast-breadcrumbs-content":"","ast-featured-img":"","footer-sml-layout":"","ast-disable-related-posts":"","theme-transparent-header-meta":"default","adv-header-id-meta":"","stick-header-meta":"","header-above-stick-meta":"","header-main-stick-meta":"","header-below-stick-meta":"","astra-migrate-meta-layouts":"set","ast-page-background-enabled":"default","ast-page-background-meta":{"desktop":{"background-color":"var(--ast-global-color-5)","background-image":"","background-repeat":"repeat","background-position":"center center","background-size":"auto","background-attachment":"scroll","background-type":"","background-media":"","overlay-type":"","overlay-color":"","overlay-opacity":"","overlay-gradient":""},"tablet":{"background-color":"","background-image":"","background-repeat":"repeat","background-position":"center center","background-size":"auto","background-attachment":"scroll","background-type":"","background-media":"","overlay-type":"","overlay-color":"","overlay-opacity":"","overlay-gradient":""},"mobile":{"background-color":"","background-image":"","background-repeat":"repeat","background-position":"center center","background-size":"auto","background-attachment":"scroll","background-type":"","background-media":"","overlay-type":"","overlay-color":"","overlay-opacity":"","overlay-gradient":""}},"ast-content-background-meta":{"desktop":{"background-color":"var(--ast-global-color-4)","background-image":"","background-repeat":"repeat","background-position":"center center","background-size":"auto","background-attachment":"scroll","background-type":"","background-media":"","overlay-type":"","overlay-color":"","overlay-opacity":"","overlay-gradient":""},"tablet":{"background-color":"var(--ast-global-color-4)","background-image":"","background-repeat":"repeat","background-position":"center center","background-size":"auto","background-attachment":"scroll","background-type":"","background-media":"","overlay-type":"","overlay-color":"","overlay-opacity":"","overlay-gradient":""},"mobile":{"background-color":"var(--ast-global-color-4)","background-image":"","background-repeat":"repeat","background-position":"center center","background-size":"auto","background-attachment":"scroll","background-type":"","background-media":"","overlay-type":"","overlay-color":"","overlay-opacity":"","overlay-gradient":""}},"footnotes":""},"class_list":["post-2","page","type-page","status-publish","hentry"],"_links":{"self":[{"href":"https:\/\/aomoi.net\/blogg\/wp-json\/wp\/v2\/pages\/2","targetHints":{"allow":["GET"]}}],"collection":[{"href":"https:\/\/aomoi.net\/blogg\/wp-json\/wp\/v2\/pages"}],"about":[{"href":"https:\/\/aomoi.net\/blogg\/wp-json\/wp\/v2\/types\/page"}],"author":[{"embeddable":true,"href":"https:\/\/aomoi.net\/blogg\/wp-json\/wp\/v2\/users\/1"}],"replies":[{"embeddable":true,"href":"https:\/\/aomoi.net\/blogg\/wp-json\/wp\/v2\/comments?post=2"}],"version-history":[{"count":11,"href":"https:\/\/aomoi.net\/blogg\/wp-json\/wp\/v2\/pages\/2\/revisions"}],"predecessor-version":[{"id":14720,"href":"https:\/\/aomoi.net\/blogg\/wp-json\/wp\/v2\/pages\/2\/revisions\/14720"}],"wp:attachment":[{"href":"https:\/\/aomoi.net\/blogg\/wp-json\/wp\/v2\/media?parent=2"}],"curies":[{"name":"wp","href":"https:\/\/api.w.org\/{rel}","templated":true}]}}